{"id":81,"date":"2025-02-12T14:22:05","date_gmt":"2025-02-12T13:22:05","guid":{"rendered":"https:\/\/www.carbofrance.fr\/?page_id=81"},"modified":"2025-02-13T13:10:59","modified_gmt":"2025-02-13T12:10:59","slug":"qui-sommes-nous","status":"publish","type":"page","link":"https:\/\/www.carbofrance.fr\/?page_id=81","title":{"rendered":"Qui sommes-nous ?"},"content":{"rendered":"\t\t<div data-elementor-type=\"wp-page\" data-elementor-id=\"81\" class=\"elementor elementor-81\">\n\t\t\t\t<div class=\"elementor-element elementor-element-644f270 e-flex e-con-boxed e-con e-parent\" data-id=\"644f270\" data-element_type=\"container\">\n\t\t\t\t\t<div class=\"e-con-inner\">\n\t\t\t\t<div class=\"elementor-element elementor-element-edb8e4e elementor-widget elementor-widget-video\" data-id=\"edb8e4e\" data-element_type=\"widget\" data-settings=\"{&quot;video_type&quot;:&quot;hosted&quot;,&quot;autoplay&quot;:&quot;yes&quot;}\" data-widget_type=\"video.default\">\n\t\t\t\t<div class=\"elementor-widget-container\">\n\t\t\t\t\t\t\t<div class=\"e-hosted-video elementor-wrapper elementor-open-inline\">\n\t\t\t\t\t<video class=\"elementor-video\" src=\"https:\/\/www.carbofrance.fr\/wp-content\/uploads\/2025\/02\/carbofrance.mp4\" autoplay=\"\" controlsList=\"nodownload\"><\/video>\n\t\t\t\t<\/div>\n\t\t\t\t\t\t<\/div>\n\t\t\t\t<\/div>\n\t\t\t\t\t<\/div>\n\t\t\t\t<\/div>\n\t\t<div class=\"elementor-element elementor-element-753ee61 e-flex e-con-boxed e-con e-parent\" data-id=\"753ee61\" data-element_type=\"container\">\n\t\t\t\t\t<div class=\"e-con-inner\">\n\t\t<div class=\"elementor-element elementor-element-ef5a080 e-con-full e-flex e-con e-child\" data-id=\"ef5a080\" data-element_type=\"container\">\n\t\t\t\t<div class=\"elementor-element elementor-element-9bcd949 elementor-widget elementor-widget-text-editor\" data-id=\"9bcd949\" data-element_type=\"widget\" data-widget_type=\"text-editor.default\">\n\t\t\t\t<div class=\"elementor-widget-container\">\n\t\t\t\t\t\t\t\t\t<h3><strong>A PROPOS DE NOUS<\/strong><\/h3><p>CARBOFRANCE produit et commercialise du charbon v\u00e9g\u00e9tal \u00e0 usage des barbecues sous les marques de distributeur des enseignes de grande distribution fran\u00e7aise, mais aussi \u00e0 une multitude de clients vari\u00e9s satisfaits de la qualit\u00e9 du charbon de bois CARBO FRANCE<\/p><p>L&rsquo;entreprise couvre actuellement une superficie totale de 11 hectares en Meuse, regroupant :<\/p><ul><li>Le si\u00e8ge social et ses services de comptabilit\u00e9, administration commerciale (achat de mati\u00e8re premi\u00e8re et ventes des produits finis) et Qualit\u00e9-S\u00e9curit\u00e9-Environnement<\/li><li>Le site de production compos\u00e9 des \u00e9quipements de pr\u00e9paration du bois et de carbonisation (16 fours VMR), de deux lignes de conditionnement et de deux aires de stockage<\/li><li>Les services techniques et de maintenance<\/li><li>Le p\u00f4le Recherche et D\u00e9veloppement<\/li><\/ul>\t\t\t\t\t\t\t\t<\/div>\n\t\t\t\t<\/div>\n\t\t\t\t<\/div>\n\t\t<div class=\"elementor-element elementor-element-3e20f14 e-con-full e-flex e-con e-child\" data-id=\"3e20f14\" data-element_type=\"container\">\n\t\t\t\t<div class=\"elementor-element elementor-element-52d03c9 elementor-widget elementor-widget-image\" data-id=\"52d03c9\" data-element_type=\"widget\" data-widget_type=\"image.default\">\n\t\t\t\t<div class=\"elementor-widget-container\">\n\t\t\t\t\t\t\t\t\t\t\t\t\t\t\t<img fetchpriority=\"high\" decoding=\"async\" width=\"500\" height=\"375\" src=\"https:\/\/www.carbofrance.fr\/wp-content\/uploads\/2025\/02\/braises.jpg\" class=\"attachment-large size-large wp-image-17\" alt=\"\" srcset=\"https:\/\/www.carbofrance.fr\/wp-content\/uploads\/2025\/02\/braises.jpg 500w, https:\/\/www.carbofrance.fr\/wp-content\/uploads\/2025\/02\/braises-300x225.jpg 300w\" sizes=\"(max-width: 500px) 100vw, 500px\" \/>\t\t\t\t\t\t\t\t\t\t\t\t\t\t\t<\/div>\n\t\t\t\t<\/div>\n\t\t\t\t<\/div>\n\t\t<div class=\"elementor-element elementor-element-6472936 e-con-full e-flex e-con e-child\" data-id=\"6472936\" data-element_type=\"container\">\n\t\t<div class=\"elementor-element elementor-element-e3f5fd4 e-grid e-con-full e-con e-child\" data-id=\"e3f5fd4\" data-element_type=\"container\">\n\t\t\t\t<div class=\"elementor-element elementor-element-185ff55 elementor-widget elementor-widget-wp-widget-custom_html\" data-id=\"185ff55\" data-element_type=\"widget\" data-widget_type=\"wp-widget-custom_html.default\">\n\t\t\t\t<div class=\"elementor-widget-container\">\n\t\t\t\t\t<div class=\"textwidget custom-html-widget\"><table style=\"text-align: left;width: 228px;height: 160px\" border=\"0\" cellpadding=\"0\" cellspacing=\"0\">\r\n  <tbody>\r\n    <tr>\r\n      <td style=\"width: 114px\"><img decoding=\"async\" style=\"width: 100px;height: 105px\" alt=\"Magasin\" src=\"https:\/\/www.carbofrance.fr\/wp-content\/uploads\/2025\/02\/magasin.png\"><\/td>\r\n      <td style=\"width: 94px;text-align: center\"><strong>3937<\/strong><\/td>\r\n    <\/tr>\r\n    <tr align=\"center\">\r\n      <td style=\"width: 94px\" colspan=\"2\" rowspan=\"1\"><small><small>points\r\nde vente en France en 2021<\/small><\/small><\/td>\r\n    <\/tr>\r\n  <\/tbody>\r\n<\/table>\r\n<\/div>\t\t\t\t<\/div>\n\t\t\t\t<\/div>\n\t\t\t\t<div class=\"elementor-element elementor-element-38ad670 elementor-widget elementor-widget-wp-widget-custom_html\" data-id=\"38ad670\" data-element_type=\"widget\" data-widget_type=\"wp-widget-custom_html.default\">\n\t\t\t\t<div class=\"elementor-widget-container\">\n\t\t\t\t\t<div class=\"textwidget custom-html-widget\"><table style=\"text-align: left;width: 228px;height: 160px\" border=\"0\" cellpadding=\"0\" cellspacing=\"0\">\r\n  <tbody>\r\n    <tr>\r\n      <td style=\"width: 114px\"><img decoding=\"async\" style=\"width: 100px;height: 105px\" alt=\"Magasin\" src=\"https:\/\/www.carbofrance.fr\/wp-content\/uploads\/2025\/02\/sac.png\"><\/td>\r\n      <td style=\"width: 94px;text-align: center\"><strong>3.180.813<\/strong><\/td>\r\n    <\/tr>\r\n    <tr align=\"center\">\r\n      <td style=\"width: 94px\" colspan=\"2\" rowspan=\"1\"><small><small>sacs vendus par an<\/small><\/small><\/td>\r\n    <\/tr>\r\n  <\/tbody>\r\n<\/table>\r\n<\/div>\t\t\t\t<\/div>\n\t\t\t\t<\/div>\n\t\t\t\t<div class=\"elementor-element elementor-element-d54eb7b elementor-widget elementor-widget-wp-widget-custom_html\" data-id=\"d54eb7b\" data-element_type=\"widget\" data-widget_type=\"wp-widget-custom_html.default\">\n\t\t\t\t<div class=\"elementor-widget-container\">\n\t\t\t\t\t<div class=\"textwidget custom-html-widget\"><table style=\"text-align: left;width: 228px;height: 160px\" border=\"0\" cellpadding=\"0\" cellspacing=\"0\">\r\n  <tbody>\r\n    <tr>\r\n      <td style=\"width: 114px\"><img decoding=\"async\" style=\"width: 100px;height: 105px\" alt=\"Magasin\" src=\"https:\/\/www.carbofrance.fr\/wp-content\/uploads\/2025\/02\/chrono.png\"><\/td>\r\n      <td style=\"width: 94px;text-align: center\"><strong>12 %<\/strong><\/td>\r\n    <\/tr>\r\n    <tr align=\"center\">\r\n      <td style=\"width: 94px\" colspan=\"2\" rowspan=\"1\"><small><small>de part de march\u00e9 du charbon de bois fran\u00e7ais<\/small><\/small><\/td>\r\n    <\/tr>\r\n  <\/tbody>\r\n<\/table>\r\n<\/div>\t\t\t\t<\/div>\n\t\t\t\t<\/div>\n\t\t\t\t<div class=\"elementor-element elementor-element-9cd217f elementor-widget elementor-widget-wp-widget-custom_html\" data-id=\"9cd217f\" data-element_type=\"widget\" data-widget_type=\"wp-widget-custom_html.default\">\n\t\t\t\t<div class=\"elementor-widget-container\">\n\t\t\t\t\t<div class=\"textwidget custom-html-widget\"><table style=\"text-align: left;width: 228px;height: 160px\" border=\"0\" cellpadding=\"0\" cellspacing=\"0\">\r\n  <tbody>\r\n    <tr>\r\n      <td style=\"width: 114px\"><img decoding=\"async\" style=\"width: 100px;height: 105px\" alt=\"Usine\" src=\"https:\/\/www.carbofrance.fr\/wp-content\/uploads\/2025\/02\/usine.png\"><\/td>\r\n      <td style=\"width: 94px;text-align: center\"><strong>11 ha<\/strong><\/td>\r\n    <\/tr>\r\n    <tr align=\"center\">\r\n      <td style=\"width: 94px\" colspan=\"2\" rowspan=\"1\"><small><small>de site industriel<\/small><\/small><\/td>\r\n    <\/tr>\r\n  <\/tbody>\r\n<\/table>\r\n<\/div>\t\t\t\t<\/div>\n\t\t\t\t<\/div>\n\t\t\t\t<div class=\"elementor-element elementor-element-8127393 elementor-widget elementor-widget-wp-widget-custom_html\" data-id=\"8127393\" data-element_type=\"widget\" data-widget_type=\"wp-widget-custom_html.default\">\n\t\t\t\t<div class=\"elementor-widget-container\">\n\t\t\t\t\t<div class=\"textwidget custom-html-widget\"><table style=\"text-align: left;width: 228px;height: 160px\" border=\"0\" cellpadding=\"0\" cellspacing=\"0\">\r\n  <tbody>\r\n    <tr>\r\n      <td style=\"width: 114px\"><img decoding=\"async\" style=\"width: 100px;height: 105px\" alt=\"RD\" src=\"https:\/\/www.carbofrance.fr\/wp-content\/uploads\/2025\/02\/idea.png\"><\/td>\r\n      <td style=\"width: 94px;text-align: center\"><strong>10 %<\/strong><\/td>\r\n    <\/tr>\r\n    <tr align=\"center\">\r\n      <td style=\"width: 94px\" colspan=\"2\" rowspan=\"1\"><small><small>du chiffre d'affaire investi chaque ann\u00e9e depuis 2010 en R&amp;D<\/small><\/small><\/td>\r\n    <\/tr>\r\n  <\/tbody>\r\n<\/table>\r\n<\/div>\t\t\t\t<\/div>\n\t\t\t\t<\/div>\n\t\t\t\t<div class=\"elementor-element elementor-element-46898a9 elementor-widget elementor-widget-wp-widget-custom_html\" data-id=\"46898a9\" data-element_type=\"widget\" data-widget_type=\"wp-widget-custom_html.default\">\n\t\t\t\t<div class=\"elementor-widget-container\">\n\t\t\t\t\t<div class=\"textwidget custom-html-widget\"><table style=\"text-align: left;width: 228px;height: 160px\" border=\"0\" cellpadding=\"0\" cellspacing=\"0\">\r\n  <tbody>\r\n    <tr>\r\n      <td style=\"width: 114px\"><img decoding=\"async\" style=\"width: 100px;height: 105px\" alt=\"CA\" src=\"https:\/\/www.carbofrance.fr\/wp-content\/uploads\/2025\/02\/development.png\"><\/td>\r\n      <td style=\"width: 94px;text-align: center\"><strong>14 millions<\/strong><\/td>\r\n    <\/tr>\r\n    <tr align=\"center\">\r\n      <td style=\"width: 94px\" colspan=\"2\" rowspan=\"1\"><small><small>d'euros de chiffres d'affaires en 2020<\/small><\/small><\/td>\r\n    <\/tr>\r\n  <\/tbody>\r\n<\/table>\r\n<\/div>\t\t\t\t<\/div>\n\t\t\t\t<\/div>\n\t\t\t\t<div class=\"elementor-element elementor-element-d3867d5 elementor-widget elementor-widget-wp-widget-custom_html\" data-id=\"d3867d5\" data-element_type=\"widget\" data-widget_type=\"wp-widget-custom_html.default\">\n\t\t\t\t<div class=\"elementor-widget-container\">\n\t\t\t\t\t<div class=\"textwidget custom-html-widget\"><table style=\"text-align: left;width: 228px;height: 160px\" border=\"0\" cellpadding=\"0\" cellspacing=\"0\">\r\n  <tbody>\r\n    <tr>\r\n      <td style=\"width: 114px\"><img decoding=\"async\" style=\"width: 100px;height: 105px\" alt=\"Exp\u00e9rience\" src=\"https:\/\/www.carbofrance.fr\/wp-content\/uploads\/2025\/02\/certificate.png\"><\/td>\r\n      <td style=\"width: 94px;text-align: center\"><strong>32 ans<\/strong><\/td>\r\n    <\/tr>\r\n    <tr align=\"center\">\r\n      <td style=\"width: 94px\" colspan=\"2\" rowspan=\"1\"><small><small>d'existence dans le Grand Est<\/small><\/small><\/td>\r\n    <\/tr>\r\n  <\/tbody>\r\n<\/table>\r\n<\/div>\t\t\t\t<\/div>\n\t\t\t\t<\/div>\n\t\t\t\t<div class=\"elementor-element elementor-element-76494d8 elementor-widget elementor-widget-wp-widget-custom_html\" data-id=\"76494d8\" data-element_type=\"widget\" data-widget_type=\"wp-widget-custom_html.default\">\n\t\t\t\t<div class=\"elementor-widget-container\">\n\t\t\t\t\t<div class=\"textwidget custom-html-widget\"><table style=\"text-align: left;width: 228px;height: 160px\" border=\"0\" cellpadding=\"0\" cellspacing=\"0\">\r\n  <tbody>\r\n    <tr>\r\n      <td style=\"width: 114px\"><img decoding=\"async\" style=\"width: 100px;height: 105px\" alt=\"Employ\u00e9\" src=\"https:\/\/www.carbofrance.fr\/wp-content\/uploads\/2025\/02\/groupe.png\"><\/td>\r\n      <td style=\"width: 94px;text-align: center\"><strong>40<\/strong><\/td>\r\n    <\/tr>\r\n    <tr align=\"center\">\r\n      <td style=\"width: 94px\" colspan=\"2\" rowspan=\"1\"><small><small>collaborateurs motiv\u00e9s<\/small><\/small><\/td>\r\n    <\/tr>\r\n  <\/tbody>\r\n<\/table>\r\n<\/div>\t\t\t\t<\/div>\n\t\t\t\t<\/div>\n\t\t\t\t<\/div>\n\t\t\t\t<\/div>\n\t\t\t\t\t<\/div>\n\t\t\t\t<\/div>\n\t\t<div class=\"elementor-element elementor-element-54c5b29 e-flex e-con-boxed e-con e-parent\" data-id=\"54c5b29\" data-element_type=\"container\">\n\t\t\t\t\t<div class=\"e-con-inner\">\n\t\t\t\t<div class=\"elementor-element elementor-element-4691d2f elementor-widget elementor-widget-image\" data-id=\"4691d2f\" data-element_type=\"widget\" data-widget_type=\"image.default\">\n\t\t\t\t<div class=\"elementor-widget-container\">\n\t\t\t\t\t\t\t\t\t\t\t\t\t\t\t<img decoding=\"async\" width=\"1024\" height=\"720\" src=\"https:\/\/www.carbofrance.fr\/wp-content\/uploads\/2025\/02\/financement-1024x720.png\" class=\"attachment-large size-large wp-image-136\" alt=\"\" srcset=\"https:\/\/www.carbofrance.fr\/wp-content\/uploads\/2025\/02\/financement-1024x720.png 1024w, https:\/\/www.carbofrance.fr\/wp-content\/uploads\/2025\/02\/financement-300x211.png 300w, https:\/\/www.carbofrance.fr\/wp-content\/uploads\/2025\/02\/financement-768x540.png 768w, https:\/\/www.carbofrance.fr\/wp-content\/uploads\/2025\/02\/financement.png 1103w\" sizes=\"(max-width: 1024px) 100vw, 1024px\" \/>\t\t\t\t\t\t\t\t\t\t\t\t\t\t\t<\/div>\n\t\t\t\t<\/div>\n\t\t\t\t\t<\/div>\n\t\t\t\t<\/div>\n\t\t\t\t<\/div>\n\t\t","protected":false},"excerpt":{"rendered":"<p>https:\/\/www.carbofrance.fr\/wp-content\/uploads\/2025\/02\/carbofrance.mp4 A PROPOS DE NOUS CARBOFRANCE produit et commercialise du charbon v\u00e9g\u00e9tal \u00e0 usage des barbecues sous les marques de [&hellip;]<\/p>\n","protected":false},"author":1,"featured_media":0,"parent":0,"menu_order":0,"comment_status":"closed","ping_status":"closed","template":"","meta":{"site-sidebar-layout":"no-sidebar","site-content-layout":"","ast-site-content-layout":"full-width-container","site-content-style":"default","site-sidebar-style":"default","ast-global-header-display":"","ast-banner-title-visibility":"","ast-main-header-display":"","ast-hfb-above-header-display":"","ast-hfb-below-header-display":"","ast-hfb-mobile-header-display":"","site-post-title":"disabled","ast-breadcrumbs-content":"","ast-featured-img":"disabled","footer-sml-layout":"","theme-transparent-header-meta":"","adv-header-id-meta":"","stick-header-meta":"","header-above-stick-meta":"","header-main-stick-meta":"","header-below-stick-meta":"","astra-migrate-meta-layouts":"default","ast-page-background-enabled":"default","ast-page-background-meta":{"desktop":{"background-color":"var(--ast-global-color-5)","background-image":"","background-repeat":"repeat","background-position":"center center","background-size":"auto","background-attachment":"scroll","background-type":"","background-media":"","overlay-type":"","overlay-color":"","overlay-opacity":"","overlay-gradient":""},"tablet":{"background-color":"","background-image":"","background-repeat":"repeat","background-position":"center center","background-size":"auto","background-attachment":"scroll","background-type":"","background-media":"","overlay-type":"","overlay-color":"","overlay-opacity":"","overlay-gradient":""},"mobile":{"background-color":"","background-image":"","background-repeat":"repeat","background-position":"center center","background-size":"auto","background-attachment":"scroll","background-type":"","background-media":"","overlay-type":"","overlay-color":"","overlay-opacity":"","overlay-gradient":""}},"ast-content-background-meta":{"desktop":{"background-color":"var(--ast-global-color-4)","background-image":"","background-repeat":"repeat","background-position":"center center","background-size":"auto","background-attachment":"scroll","background-type":"","background-media":"","overlay-type":"","overlay-color":"","overlay-opacity":"","overlay-gradient":""},"tablet":{"background-color":"var(--ast-global-color-4)","background-image":"","background-repeat":"repeat","background-position":"center center","background-size":"auto","background-attachment":"scroll","background-type":"","background-media":"","overlay-type":"","overlay-color":"","overlay-opacity":"","overlay-gradient":""},"mobile":{"background-color":"var(--ast-global-color-4)","background-image":"","background-repeat":"repeat","background-position":"center center","background-size":"auto","background-attachment":"scroll","background-type":"","background-media":"","overlay-type":"","overlay-color":"","overlay-opacity":"","overlay-gradient":""}},"footnotes":""},"class_list":["post-81","page","type-page","status-publish","hentry"],"yoast_head":"<!-- This site is optimized with the Yoast SEO plugin v25.0 - https:\/\/yoast.com\/wordpress\/plugins\/seo\/ -->\n<title>Qui sommes-nous ? - Carbofrance<\/title>\n<meta name=\"robots\" content=\"index, follow, max-snippet:-1, max-image-preview:large, max-video-preview:-1\" \/>\n<link rel=\"canonical\" href=\"https:\/\/www.carbofrance.fr\/?page_id=81\" \/>\n<meta property=\"og:locale\" content=\"fr_FR\" \/>\n<meta property=\"og:type\" content=\"article\" \/>\n<meta property=\"og:title\" content=\"Qui sommes-nous ? - Carbofrance\" \/>\n<meta property=\"og:description\" content=\"https:\/\/www.carbofrance.fr\/wp-content\/uploads\/2025\/02\/carbofrance.mp4 A PROPOS DE NOUS CARBOFRANCE produit et commercialise du charbon v\u00e9g\u00e9tal \u00e0 usage des barbecues sous les marques de [&hellip;]\" \/>\n<meta property=\"og:url\" content=\"https:\/\/www.carbofrance.fr\/?page_id=81\" \/>\n<meta property=\"og:site_name\" content=\"Carbofrance\" \/>\n<meta property=\"article:modified_time\" content=\"2025-02-13T12:10:59+00:00\" \/>\n<meta property=\"og:image\" content=\"https:\/\/www.carbofrance.fr\/wp-content\/uploads\/2025\/02\/braises.jpg\" \/>\n\t<meta property=\"og:image:width\" content=\"500\" \/>\n\t<meta property=\"og:image:height\" content=\"375\" \/>\n\t<meta property=\"og:image:type\" content=\"image\/jpeg\" \/>\n<meta name=\"twitter:card\" content=\"summary_large_image\" \/>\n<meta name=\"twitter:label1\" content=\"Dur\u00e9e de lecture estim\u00e9e\" \/>\n\t<meta name=\"twitter:data1\" content=\"3 minutes\" \/>\n<script type=\"application\/ld+json\" class=\"yoast-schema-graph\">{\"@context\":\"https:\/\/schema.org\",\"@graph\":[{\"@type\":\"WebPage\",\"@id\":\"https:\/\/www.carbofrance.fr\/?page_id=81\",\"url\":\"https:\/\/www.carbofrance.fr\/?page_id=81\",\"name\":\"Qui sommes-nous ? - Carbofrance\",\"isPartOf\":{\"@id\":\"https:\/\/www.carbofrance.fr\/#website\"},\"primaryImageOfPage\":{\"@id\":\"https:\/\/www.carbofrance.fr\/?page_id=81#primaryimage\"},\"image\":{\"@id\":\"https:\/\/www.carbofrance.fr\/?page_id=81#primaryimage\"},\"thumbnailUrl\":\"https:\/\/www.carbofrance.fr\/wp-content\/uploads\/2025\/02\/braises.jpg\",\"datePublished\":\"2025-02-12T13:22:05+00:00\",\"dateModified\":\"2025-02-13T12:10:59+00:00\",\"breadcrumb\":{\"@id\":\"https:\/\/www.carbofrance.fr\/?page_id=81#breadcrumb\"},\"inLanguage\":\"fr-FR\",\"potentialAction\":[{\"@type\":\"ReadAction\",\"target\":[\"https:\/\/www.carbofrance.fr\/?page_id=81\"]}]},{\"@type\":\"ImageObject\",\"inLanguage\":\"fr-FR\",\"@id\":\"https:\/\/www.carbofrance.fr\/?page_id=81#primaryimage\",\"url\":\"https:\/\/www.carbofrance.fr\/wp-content\/uploads\/2025\/02\/braises.jpg\",\"contentUrl\":\"https:\/\/www.carbofrance.fr\/wp-content\/uploads\/2025\/02\/braises.jpg\",\"width\":500,\"height\":375},{\"@type\":\"BreadcrumbList\",\"@id\":\"https:\/\/www.carbofrance.fr\/?page_id=81#breadcrumb\",\"itemListElement\":[{\"@type\":\"ListItem\",\"position\":1,\"name\":\"Accueil\",\"item\":\"https:\/\/www.carbofrance.fr\/\"},{\"@type\":\"ListItem\",\"position\":2,\"name\":\"Qui sommes-nous ?\"}]},{\"@type\":\"WebSite\",\"@id\":\"https:\/\/www.carbofrance.fr\/#website\",\"url\":\"https:\/\/www.carbofrance.fr\/\",\"name\":\"Carbofrance\",\"description\":\"\",\"publisher\":{\"@id\":\"https:\/\/www.carbofrance.fr\/#organization\"},\"potentialAction\":[{\"@type\":\"SearchAction\",\"target\":{\"@type\":\"EntryPoint\",\"urlTemplate\":\"https:\/\/www.carbofrance.fr\/?s={search_term_string}\"},\"query-input\":{\"@type\":\"PropertyValueSpecification\",\"valueRequired\":true,\"valueName\":\"search_term_string\"}}],\"inLanguage\":\"fr-FR\"},{\"@type\":\"Organization\",\"@id\":\"https:\/\/www.carbofrance.fr\/#organization\",\"name\":\"Carbofrance\",\"url\":\"https:\/\/www.carbofrance.fr\/\",\"logo\":{\"@type\":\"ImageObject\",\"inLanguage\":\"fr-FR\",\"@id\":\"https:\/\/www.carbofrance.fr\/#\/schema\/logo\/image\/\",\"url\":\"https:\/\/www.carbofrance.fr\/wp-content\/uploads\/2025\/02\/cropped-logo_512-1.png\",\"contentUrl\":\"https:\/\/www.carbofrance.fr\/wp-content\/uploads\/2025\/02\/cropped-logo_512-1.png\",\"width\":512,\"height\":436,\"caption\":\"Carbofrance\"},\"image\":{\"@id\":\"https:\/\/www.carbofrance.fr\/#\/schema\/logo\/image\/\"}}]}<\/script>\n<!-- \/ Yoast SEO plugin. -->","yoast_head_json":{"title":"Qui sommes-nous ? - Carbofrance","robots":{"index":"index","follow":"follow","max-snippet":"max-snippet:-1","max-image-preview":"max-image-preview:large","max-video-preview":"max-video-preview:-1"},"canonical":"https:\/\/www.carbofrance.fr\/?page_id=81","og_locale":"fr_FR","og_type":"article","og_title":"Qui sommes-nous ? - Carbofrance","og_description":"https:\/\/www.carbofrance.fr\/wp-content\/uploads\/2025\/02\/carbofrance.mp4 A PROPOS DE NOUS CARBOFRANCE produit et commercialise du charbon v\u00e9g\u00e9tal \u00e0 usage des barbecues sous les marques de [&hellip;]","og_url":"https:\/\/www.carbofrance.fr\/?page_id=81","og_site_name":"Carbofrance","article_modified_time":"2025-02-13T12:10:59+00:00","og_image":[{"width":500,"height":375,"url":"https:\/\/www.carbofrance.fr\/wp-content\/uploads\/2025\/02\/braises.jpg","type":"image\/jpeg"}],"twitter_card":"summary_large_image","twitter_misc":{"Dur\u00e9e de lecture estim\u00e9e":"3 minutes"},"schema":{"@context":"https:\/\/schema.org","@graph":[{"@type":"WebPage","@id":"https:\/\/www.carbofrance.fr\/?page_id=81","url":"https:\/\/www.carbofrance.fr\/?page_id=81","name":"Qui sommes-nous ? - Carbofrance","isPartOf":{"@id":"https:\/\/www.carbofrance.fr\/#website"},"primaryImageOfPage":{"@id":"https:\/\/www.carbofrance.fr\/?page_id=81#primaryimage"},"image":{"@id":"https:\/\/www.carbofrance.fr\/?page_id=81#primaryimage"},"thumbnailUrl":"https:\/\/www.carbofrance.fr\/wp-content\/uploads\/2025\/02\/braises.jpg","datePublished":"2025-02-12T13:22:05+00:00","dateModified":"2025-02-13T12:10:59+00:00","breadcrumb":{"@id":"https:\/\/www.carbofrance.fr\/?page_id=81#breadcrumb"},"inLanguage":"fr-FR","potentialAction":[{"@type":"ReadAction","target":["https:\/\/www.carbofrance.fr\/?page_id=81"]}]},{"@type":"ImageObject","inLanguage":"fr-FR","@id":"https:\/\/www.carbofrance.fr\/?page_id=81#primaryimage","url":"https:\/\/www.carbofrance.fr\/wp-content\/uploads\/2025\/02\/braises.jpg","contentUrl":"https:\/\/www.carbofrance.fr\/wp-content\/uploads\/2025\/02\/braises.jpg","width":500,"height":375},{"@type":"BreadcrumbList","@id":"https:\/\/www.carbofrance.fr\/?page_id=81#breadcrumb","itemListElement":[{"@type":"ListItem","position":1,"name":"Accueil","item":"https:\/\/www.carbofrance.fr\/"},{"@type":"ListItem","position":2,"name":"Qui sommes-nous ?"}]},{"@type":"WebSite","@id":"https:\/\/www.carbofrance.fr\/#website","url":"https:\/\/www.carbofrance.fr\/","name":"Carbofrance","description":"","publisher":{"@id":"https:\/\/www.carbofrance.fr\/#organization"},"potentialAction":[{"@type":"SearchAction","target":{"@type":"EntryPoint","urlTemplate":"https:\/\/www.carbofrance.fr\/?s={search_term_string}"},"query-input":{"@type":"PropertyValueSpecification","valueRequired":true,"valueName":"search_term_string"}}],"inLanguage":"fr-FR"},{"@type":"Organization","@id":"https:\/\/www.carbofrance.fr\/#organization","name":"Carbofrance","url":"https:\/\/www.carbofrance.fr\/","logo":{"@type":"ImageObject","inLanguage":"fr-FR","@id":"https:\/\/www.carbofrance.fr\/#\/schema\/logo\/image\/","url":"https:\/\/www.carbofrance.fr\/wp-content\/uploads\/2025\/02\/cropped-logo_512-1.png","contentUrl":"https:\/\/www.carbofrance.fr\/wp-content\/uploads\/2025\/02\/cropped-logo_512-1.png","width":512,"height":436,"caption":"Carbofrance"},"image":{"@id":"https:\/\/www.carbofrance.fr\/#\/schema\/logo\/image\/"}}]}},"_links":{"self":[{"href":"https:\/\/www.carbofrance.fr\/index.php?rest_route=\/wp\/v2\/pages\/81","targetHints":{"allow":["GET"]}}],"collection":[{"href":"https:\/\/www.carbofrance.fr\/index.php?rest_route=\/wp\/v2\/pages"}],"about":[{"href":"https:\/\/www.carbofrance.fr\/index.php?rest_route=\/wp\/v2\/types\/page"}],"author":[{"embeddable":true,"href":"https:\/\/www.carbofrance.fr\/index.php?rest_route=\/wp\/v2\/users\/1"}],"replies":[{"embeddable":true,"href":"https:\/\/www.carbofrance.fr\/index.php?rest_route=%2Fwp%2Fv2%2Fcomments&post=81"}],"version-history":[{"count":19,"href":"https:\/\/www.carbofrance.fr\/index.php?rest_route=\/wp\/v2\/pages\/81\/revisions"}],"predecessor-version":[{"id":179,"href":"https:\/\/www.carbofrance.fr\/index.php?rest_route=\/wp\/v2\/pages\/81\/revisions\/179"}],"wp:attachment":[{"href":"https:\/\/www.carbofrance.fr\/index.php?rest_route=%2Fwp%2Fv2%2Fmedia&parent=81"}],"curies":[{"name":"wp","href":"https:\/\/api.w.org\/{rel}","templated":true}]}}