{"id":3,"date":"2025-02-12T10:46:08","date_gmt":"2025-02-12T09:46:08","guid":{"rendered":"https:\/\/www.carbofrance.fr\/?page_id=3"},"modified":"2025-02-13T16:40:12","modified_gmt":"2025-02-13T15:40:12","slug":"politique-de-confidentialite","status":"publish","type":"page","link":"https:\/\/www.carbofrance.fr\/?page_id=3","title":{"rendered":"Politique de confidentialit\u00e9"},"content":{"rendered":"\t\t<div data-elementor-type=\"wp-page\" data-elementor-id=\"3\" class=\"elementor elementor-3\">\n\t\t\t\t<div class=\"elementor-element elementor-element-3ccd0089 e-flex e-con-boxed e-con e-parent\" data-id=\"3ccd0089\" data-element_type=\"container\">\n\t\t\t\t\t<div class=\"e-con-inner\">\n\t\t\t\t<div class=\"elementor-element elementor-element-19c75ce0 elementor-widget elementor-widget-text-editor\" data-id=\"19c75ce0\" data-element_type=\"widget\" data-widget_type=\"text-editor.default\">\n\t\t\t\t<div class=\"elementor-widget-container\">\n\t\t\t\t\t\t\t\t\t<p><\/p>\n<h3 class=\"wp-block-heading\">Mentions l\u00e9gales<\/h3>\n<p>D\u00e9nomination sociale ou raison sociale : <strong>CARBO France<\/strong><br \/>Adresse du si\u00e8ge social : <strong>Ecurey, 55290 Montiers-sur-Saulx<\/strong><br \/>Num\u00e9ro de t\u00e9l\u00e9phone et adresse de courrier \u00e9lectronique : 03.29.75.88.03, contact@carbofrance.fr<br \/>Forme juridique de la soci\u00e9t\u00e9 : SARL unipersonnelle<br \/>Montant du capital social : 3 340 000\u20ac<br \/>Num\u00e9ro d&rsquo;inscription au registre du commerce et des soci\u00e9t\u00e9s : RCS BAR LE DUC &#8211; 393 100 714<br \/>Num\u00e9ro individuel d&rsquo;identification fiscale : 39310071400012<\/p>\n<p>Directeur de la publication : Nad\u00e8ge SIMON<br \/>Responsable de la r\u00e9daction : Cl\u00e9mence LIEVAL<br \/>H\u00e9bergeur : OVH, 2 rue Kellermann, 59100 Roubaix France, 08 203 203 63<\/p>\n<h4>Contenu et utilisation des informations<\/h4>\n<p>L\u2019ensemble de ce site rel\u00e8ve de la l\u00e9gislation fran\u00e7aise et internationale sur le droit d\u2019auteur et la propri\u00e9t\u00e9 intellectuelle. Tous les droits de reproduction sont r\u00e9serv\u00e9s. La reproduction ou repr\u00e9sentation, int\u00e9grale ou partielle, de ce site sur un support \u00e9lectronique ou tout autre support quel qu&rsquo;il soit est formellement interdite sauf autorisation expresse du directeur de publication.<\/p>\n<p>CARBO France met en \u0153uvre les meilleurs moyens pour assurer l\u2019exactitude des informations diffus\u00e9es. Toutefois, la responsabilit\u00e9 de CARBO France ne pourrait en aucun cas \u00eatre engag\u00e9e en cas d\u2019inexactitude ou caract\u00e8re incomplet d\u2019une information figurant sur le site.<\/p>\n<h4>Informatique et libert\u00e9<\/h4>\n<p>Nous informons les utilisateurs que les donn\u00e9es \u00e0 caract\u00e8re nominatif recueillies aupr\u00e8s des utilisateurs de ce site par l\u2019interm\u00e9diaire des formulaires sont destin\u00e9es au fonctionnement du site et ne sauraient \u00eatre transmises \u00e0 des tiers.<\/p>\n<p>Les donn\u00e9es personnelles sont conserv\u00e9es au minimum durant toute la dur\u00e9e de la relation commerciale et, le cas \u00e9ch\u00e9ant, jusqu&rsquo;\u00e0 ce que l&rsquo;internaute fasse une demande de retrait.<\/p>\n<p>Pour toute demande concernant le site internet, merci d\u2019utiliser le formulaire de contact.<\/p>\n<p><\/p>\n<h4 class=\"wp-block-heading\">Cookies<\/h4>\n<p><\/p>\n<p>Si vous vous rendez sur la page de connexion, un cookie temporaire sera cr\u00e9\u00e9 afin de d\u00e9terminer si votre navigateur accepte les cookies. Il ne contient pas de donn\u00e9es personnelles et sera supprim\u00e9 automatiquement \u00e0 la fermeture de votre navigateur.<\/p>\n<p><\/p>\n<p>Lorsque vous vous connecterez, nous mettrons en place un certain nombre de cookies pour enregistrer vos informations de connexion et vos pr\u00e9f\u00e9rences d\u2019\u00e9cran. La dur\u00e9e de vie d\u2019un cookie de connexion est de deux jours, celle d\u2019un cookie d\u2019option d\u2019\u00e9cran est d\u2019un an. Si vous cochez \u00ab\u00a0Se souvenir de moi\u00a0\u00bb, votre cookie de connexion sera conserv\u00e9 pendant deux semaines. Si vous vous d\u00e9connectez de votre compte, le cookie de connexion sera effac\u00e9.<\/p>\n<p><\/p>\n<p>En modifiant ou en publiant une publication, un cookie suppl\u00e9mentaire sera enregistr\u00e9 dans votre navigateur. Ce cookie ne comprend aucune donn\u00e9e personnelle. Il indique simplement l\u2019ID de la publication que vous venez de modifier. Il expire au bout d\u2019un jour.<\/p>\n<p><\/p>\n<p><\/p>\n<p><\/p>\t\t\t\t\t\t\t\t<\/div>\n\t\t\t\t<\/div>\n\t\t\t\t\t<\/div>\n\t\t\t\t<\/div>\n\t\t\t\t<\/div>\n\t\t","protected":false},"excerpt":{"rendered":"<p>Mentions l\u00e9gales D\u00e9nomination sociale ou raison sociale : CARBO FranceAdresse du si\u00e8ge social : Ecurey, 55290 Montiers-sur-SaulxNum\u00e9ro de t\u00e9l\u00e9phone et [&hellip;]<\/p>\n","protected":false},"author":1,"featured_media":0,"parent":0,"menu_order":0,"comment_status":"closed","ping_status":"open","template":"","meta":{"site-sidebar-layout":"default","site-content-layout":"","ast-site-content-layout":"","site-content-style":"default","site-sidebar-style":"default","ast-global-header-display":"","ast-banner-title-visibility":"","ast-main-header-display":"","ast-hfb-above-header-display":"","ast-hfb-below-header-display":"","ast-hfb-mobile-header-display":"","site-post-title":"","ast-breadcrumbs-content":"","ast-featured-img":"","footer-sml-layout":"","theme-transparent-header-meta":"","adv-header-id-meta":"","stick-header-meta":"","header-above-stick-meta":"","header-main-stick-meta":"","header-below-stick-meta":"","astra-migrate-meta-layouts":"default","ast-page-background-enabled":"default","ast-page-background-meta":{"desktop":{"background-color":"var(--ast-global-color-5)","background-image":"","background-repeat":"repeat","background-position":"center center","background-size":"auto","background-attachment":"scroll","background-type":"","background-media":"","overlay-type":"","overlay-color":"","overlay-opacity":"","overlay-gradient":""},"tablet":{"background-color":"","background-image":"","background-repeat":"repeat","background-position":"center center","background-size":"auto","background-attachment":"scroll","background-type":"","background-media":"","overlay-type":"","overlay-color":"","overlay-opacity":"","overlay-gradient":""},"mobile":{"background-color":"","background-image":"","background-repeat":"repeat","background-position":"center center","background-size":"auto","background-attachment":"scroll","background-type":"","background-media":"","overlay-type":"","overlay-color":"","overlay-opacity":"","overlay-gradient":""}},"ast-content-background-meta":{"desktop":{"background-color":"var(--ast-global-color-4)","background-image":"","background-repeat":"repeat","background-position":"center center","background-size":"auto","background-attachment":"scroll","background-type":"","background-media":"","overlay-type":"","overlay-color":"","overlay-opacity":"","overlay-gradient":""},"tablet":{"background-color":"var(--ast-global-color-4)","background-image":"","background-repeat":"repeat","background-position":"center center","background-size":"auto","background-attachment":"scroll","background-type":"","background-media":"","overlay-type":"","overlay-color":"","overlay-opacity":"","overlay-gradient":""},"mobile":{"background-color":"var(--ast-global-color-4)","background-image":"","background-repeat":"repeat","background-position":"center center","background-size":"auto","background-attachment":"scroll","background-type":"","background-media":"","overlay-type":"","overlay-color":"","overlay-opacity":"","overlay-gradient":""}},"footnotes":""},"class_list":["post-3","page","type-page","status-publish","hentry"],"yoast_head":"<!-- This site is optimized with the Yoast SEO plugin v25.0 - https:\/\/yoast.com\/wordpress\/plugins\/seo\/ -->\n<title>Politique de confidentialit\u00e9 - Carbofrance<\/title>\n<meta name=\"robots\" content=\"index, follow, max-snippet:-1, max-image-preview:large, max-video-preview:-1\" \/>\n<link rel=\"canonical\" href=\"https:\/\/www.carbofrance.fr\/?page_id=3\" \/>\n<meta property=\"og:locale\" content=\"fr_FR\" \/>\n<meta property=\"og:type\" content=\"article\" \/>\n<meta property=\"og:title\" content=\"Politique de confidentialit\u00e9 - Carbofrance\" \/>\n<meta property=\"og:description\" content=\"Mentions l\u00e9gales D\u00e9nomination sociale ou raison sociale : CARBO FranceAdresse du si\u00e8ge social : Ecurey, 55290 Montiers-sur-SaulxNum\u00e9ro de t\u00e9l\u00e9phone et [&hellip;]\" \/>\n<meta property=\"og:url\" content=\"https:\/\/www.carbofrance.fr\/?page_id=3\" \/>\n<meta property=\"og:site_name\" content=\"Carbofrance\" \/>\n<meta property=\"article:modified_time\" content=\"2025-02-13T15:40:12+00:00\" \/>\n<meta name=\"twitter:card\" content=\"summary_large_image\" \/>\n<meta name=\"twitter:label1\" content=\"Dur\u00e9e de lecture estim\u00e9e\" \/>\n\t<meta name=\"twitter:data1\" content=\"3 minutes\" \/>\n<script type=\"application\/ld+json\" class=\"yoast-schema-graph\">{\"@context\":\"https:\/\/schema.org\",\"@graph\":[{\"@type\":\"WebPage\",\"@id\":\"https:\/\/www.carbofrance.fr\/?page_id=3\",\"url\":\"https:\/\/www.carbofrance.fr\/?page_id=3\",\"name\":\"Politique de confidentialit\u00e9 - Carbofrance\",\"isPartOf\":{\"@id\":\"https:\/\/www.carbofrance.fr\/#website\"},\"datePublished\":\"2025-02-12T09:46:08+00:00\",\"dateModified\":\"2025-02-13T15:40:12+00:00\",\"breadcrumb\":{\"@id\":\"https:\/\/www.carbofrance.fr\/?page_id=3#breadcrumb\"},\"inLanguage\":\"fr-FR\",\"potentialAction\":[{\"@type\":\"ReadAction\",\"target\":[\"https:\/\/www.carbofrance.fr\/?page_id=3\"]}]},{\"@type\":\"BreadcrumbList\",\"@id\":\"https:\/\/www.carbofrance.fr\/?page_id=3#breadcrumb\",\"itemListElement\":[{\"@type\":\"ListItem\",\"position\":1,\"name\":\"Accueil\",\"item\":\"https:\/\/www.carbofrance.fr\/\"},{\"@type\":\"ListItem\",\"position\":2,\"name\":\"Politique de confidentialit\u00e9\"}]},{\"@type\":\"WebSite\",\"@id\":\"https:\/\/www.carbofrance.fr\/#website\",\"url\":\"https:\/\/www.carbofrance.fr\/\",\"name\":\"Carbofrance\",\"description\":\"\",\"publisher\":{\"@id\":\"https:\/\/www.carbofrance.fr\/#organization\"},\"potentialAction\":[{\"@type\":\"SearchAction\",\"target\":{\"@type\":\"EntryPoint\",\"urlTemplate\":\"https:\/\/www.carbofrance.fr\/?s={search_term_string}\"},\"query-input\":{\"@type\":\"PropertyValueSpecification\",\"valueRequired\":true,\"valueName\":\"search_term_string\"}}],\"inLanguage\":\"fr-FR\"},{\"@type\":\"Organization\",\"@id\":\"https:\/\/www.carbofrance.fr\/#organization\",\"name\":\"Carbofrance\",\"url\":\"https:\/\/www.carbofrance.fr\/\",\"logo\":{\"@type\":\"ImageObject\",\"inLanguage\":\"fr-FR\",\"@id\":\"https:\/\/www.carbofrance.fr\/#\/schema\/logo\/image\/\",\"url\":\"https:\/\/www.carbofrance.fr\/wp-content\/uploads\/2025\/02\/cropped-logo_512-1.png\",\"contentUrl\":\"https:\/\/www.carbofrance.fr\/wp-content\/uploads\/2025\/02\/cropped-logo_512-1.png\",\"width\":512,\"height\":436,\"caption\":\"Carbofrance\"},\"image\":{\"@id\":\"https:\/\/www.carbofrance.fr\/#\/schema\/logo\/image\/\"}}]}<\/script>\n<!-- \/ Yoast SEO plugin. -->","yoast_head_json":{"title":"Politique de confidentialit\u00e9 - Carbofrance","robots":{"index":"index","follow":"follow","max-snippet":"max-snippet:-1","max-image-preview":"max-image-preview:large","max-video-preview":"max-video-preview:-1"},"canonical":"https:\/\/www.carbofrance.fr\/?page_id=3","og_locale":"fr_FR","og_type":"article","og_title":"Politique de confidentialit\u00e9 - Carbofrance","og_description":"Mentions l\u00e9gales D\u00e9nomination sociale ou raison sociale : CARBO FranceAdresse du si\u00e8ge social : Ecurey, 55290 Montiers-sur-SaulxNum\u00e9ro de t\u00e9l\u00e9phone et [&hellip;]","og_url":"https:\/\/www.carbofrance.fr\/?page_id=3","og_site_name":"Carbofrance","article_modified_time":"2025-02-13T15:40:12+00:00","twitter_card":"summary_large_image","twitter_misc":{"Dur\u00e9e de lecture estim\u00e9e":"3 minutes"},"schema":{"@context":"https:\/\/schema.org","@graph":[{"@type":"WebPage","@id":"https:\/\/www.carbofrance.fr\/?page_id=3","url":"https:\/\/www.carbofrance.fr\/?page_id=3","name":"Politique de confidentialit\u00e9 - Carbofrance","isPartOf":{"@id":"https:\/\/www.carbofrance.fr\/#website"},"datePublished":"2025-02-12T09:46:08+00:00","dateModified":"2025-02-13T15:40:12+00:00","breadcrumb":{"@id":"https:\/\/www.carbofrance.fr\/?page_id=3#breadcrumb"},"inLanguage":"fr-FR","potentialAction":[{"@type":"ReadAction","target":["https:\/\/www.carbofrance.fr\/?page_id=3"]}]},{"@type":"BreadcrumbList","@id":"https:\/\/www.carbofrance.fr\/?page_id=3#breadcrumb","itemListElement":[{"@type":"ListItem","position":1,"name":"Accueil","item":"https:\/\/www.carbofrance.fr\/"},{"@type":"ListItem","position":2,"name":"Politique de confidentialit\u00e9"}]},{"@type":"WebSite","@id":"https:\/\/www.carbofrance.fr\/#website","url":"https:\/\/www.carbofrance.fr\/","name":"Carbofrance","description":"","publisher":{"@id":"https:\/\/www.carbofrance.fr\/#organization"},"potentialAction":[{"@type":"SearchAction","target":{"@type":"EntryPoint","urlTemplate":"https:\/\/www.carbofrance.fr\/?s={search_term_string}"},"query-input":{"@type":"PropertyValueSpecification","valueRequired":true,"valueName":"search_term_string"}}],"inLanguage":"fr-FR"},{"@type":"Organization","@id":"https:\/\/www.carbofrance.fr\/#organization","name":"Carbofrance","url":"https:\/\/www.carbofrance.fr\/","logo":{"@type":"ImageObject","inLanguage":"fr-FR","@id":"https:\/\/www.carbofrance.fr\/#\/schema\/logo\/image\/","url":"https:\/\/www.carbofrance.fr\/wp-content\/uploads\/2025\/02\/cropped-logo_512-1.png","contentUrl":"https:\/\/www.carbofrance.fr\/wp-content\/uploads\/2025\/02\/cropped-logo_512-1.png","width":512,"height":436,"caption":"Carbofrance"},"image":{"@id":"https:\/\/www.carbofrance.fr\/#\/schema\/logo\/image\/"}}]}},"_links":{"self":[{"href":"https:\/\/www.carbofrance.fr\/index.php?rest_route=\/wp\/v2\/pages\/3","targetHints":{"allow":["GET"]}}],"collection":[{"href":"https:\/\/www.carbofrance.fr\/index.php?rest_route=\/wp\/v2\/pages"}],"about":[{"href":"https:\/\/www.carbofrance.fr\/index.php?rest_route=\/wp\/v2\/types\/page"}],"author":[{"embeddable":true,"href":"https:\/\/www.carbofrance.fr\/index.php?rest_route=\/wp\/v2\/users\/1"}],"replies":[{"embeddable":true,"href":"https:\/\/www.carbofrance.fr\/index.php?rest_route=%2Fwp%2Fv2%2Fcomments&post=3"}],"version-history":[{"count":6,"href":"https:\/\/www.carbofrance.fr\/index.php?rest_route=\/wp\/v2\/pages\/3\/revisions"}],"predecessor-version":[{"id":186,"href":"https:\/\/www.carbofrance.fr\/index.php?rest_route=\/wp\/v2\/pages\/3\/revisions\/186"}],"wp:attachment":[{"href":"https:\/\/www.carbofrance.fr\/index.php?rest_route=%2Fwp%2Fv2%2Fmedia&parent=3"}],"curies":[{"name":"wp","href":"https:\/\/api.w.org\/{rel}","templated":true}]}}