{"id":124,"date":"2025-02-12T15:43:58","date_gmt":"2025-02-12T14:43:58","guid":{"rendered":"https:\/\/www.carbofrance.fr\/?page_id=124"},"modified":"2025-02-12T16:51:51","modified_gmt":"2025-02-12T15:51:51","slug":"notre-projet","status":"publish","type":"page","link":"https:\/\/www.carbofrance.fr\/?page_id=124","title":{"rendered":"Notre projet"},"content":{"rendered":"\t\t<div data-elementor-type=\"wp-page\" data-elementor-id=\"124\" class=\"elementor elementor-124\">\n\t\t\t\t<div class=\"elementor-element elementor-element-71af920 e-flex e-con-boxed e-con e-parent\" data-id=\"71af920\" data-element_type=\"container\">\n\t\t\t\t\t<div class=\"e-con-inner\">\n\t\t\t\t<div class=\"elementor-element elementor-element-002c49f elementor-widget elementor-widget-image\" data-id=\"002c49f\" data-element_type=\"widget\" data-widget_type=\"image.default\">\n\t\t\t\t<div class=\"elementor-widget-container\">\n\t\t\t\t\t\t\t\t\t\t\t\t\t\t\t<img decoding=\"async\" src=\"https:\/\/www.carbofrance.fr\/wp-content\/uploads\/elementor\/thumbs\/projet-r1eh4qxg8uot9vx7r575rubm0rhm1mm9o68a2ek4vs.png\" title=\"projet\" alt=\"projet\" loading=\"lazy\" \/>\t\t\t\t\t\t\t\t\t\t\t\t\t\t\t<\/div>\n\t\t\t\t<\/div>\n\t\t\t\t\t<\/div>\n\t\t\t\t<\/div>\n\t\t<div class=\"elementor-element elementor-element-77e5eb8 e-flex e-con-boxed e-con e-parent\" data-id=\"77e5eb8\" data-element_type=\"container\">\n\t\t\t\t\t<div class=\"e-con-inner\">\n\t\t<div class=\"elementor-element elementor-element-fb90f30 e-con-full e-flex e-con e-child\" data-id=\"fb90f30\" data-element_type=\"container\">\n\t\t\t\t<div class=\"elementor-element elementor-element-4d054c2 elementor-widget elementor-widget-image\" data-id=\"4d054c2\" data-element_type=\"widget\" data-widget_type=\"image.default\">\n\t\t\t\t<div class=\"elementor-widget-container\">\n\t\t\t\t\t\t\t\t\t\t\t\t\t\t\t<img decoding=\"async\" src=\"https:\/\/www.carbofrance.fr\/wp-content\/uploads\/elementor\/thumbs\/quote_inv-r1ehd4nbbiv3ua87lu10hgvszlxl5sp64f53hlbtdg.png\" title=\"quote_inv\" alt=\"quote_inv\" loading=\"lazy\" \/>\t\t\t\t\t\t\t\t\t\t\t\t\t\t\t<\/div>\n\t\t\t\t<\/div>\n\t\t\t\t<\/div>\n\t\t<div class=\"elementor-element elementor-element-86c4201 e-con-full e-flex e-con e-child\" data-id=\"86c4201\" data-element_type=\"container\">\n\t\t\t\t<div class=\"elementor-element elementor-element-c7f5cd4 elementor-widget elementor-widget-text-editor\" data-id=\"c7f5cd4\" data-element_type=\"widget\" data-widget_type=\"text-editor.default\">\n\t\t\t\t<div class=\"elementor-widget-container\">\n\t\t\t\t\t\t\t\t\t<p>LE MOT DE LA GERANTE<\/p><hr \/><p>Pour anticiper et pr\u00e9figurer de nombreuses mutations technologiques et soci\u00e9tales, CARBO France s&rsquo;est dot\u00e9, d\u00e8s 2010, d&rsquo;une ing\u00e9nierie interne en Recherche et D\u00e9veloppement, avant d&rsquo;engager un partenariat avec le CEA Tech de Metz \u00e0 partir de 2016. Les avanc\u00e9es de nos travaux, soutenus par le GIP Objectif Meuse, nous permettent aujourd&rsquo;hui d&rsquo;engager la modernisation globale de notre outil productif dans un environnementale. Cette ambition se traduit concr\u00e8tement avec le projet de construction d&rsquo;une nouvelle unit\u00e9 de production \u00e0 quelques kilom\u00e8tres de notre site actuel, sur la zone d&rsquo;activit\u00e9s \u00e9conomiques Parc&rsquo;Innov.<\/p><p style=\"text-align: right;\"><strong>Nad\u00e8ge SIMON<\/strong><\/p>\t\t\t\t\t\t\t\t<\/div>\n\t\t\t\t<\/div>\n\t\t\t\t<\/div>\n\t\t<div class=\"elementor-element elementor-element-ea00712 e-con-full e-flex e-con e-child\" data-id=\"ea00712\" data-element_type=\"container\">\n\t\t<div class=\"elementor-element elementor-element-7c7702c e-grid e-con-full e-con e-child\" data-id=\"7c7702c\" data-element_type=\"container\">\n\t\t\t\t<div class=\"elementor-element elementor-element-ef21e84 elementor-widget elementor-widget-image\" data-id=\"ef21e84\" data-element_type=\"widget\" data-widget_type=\"image.default\">\n\t\t\t\t<div class=\"elementor-widget-container\">\n\t\t\t\t\t\t\t\t\t\t\t\t\t\t\t<img decoding=\"async\" src=\"https:\/\/www.carbofrance.fr\/wp-content\/uploads\/elementor\/thumbs\/cea-r1ehz19x7g8w84hjw9cl5hapwk2cvq9tqqs27g34dk.jpeg\" title=\"cea\" alt=\"cea\" loading=\"lazy\" \/>\t\t\t\t\t\t\t\t\t\t\t\t\t\t\t<\/div>\n\t\t\t\t<\/div>\n\t\t\t\t<div class=\"elementor-element elementor-element-dc1926a elementor-widget elementor-widget-image\" data-id=\"dc1926a\" data-element_type=\"widget\" data-widget_type=\"image.default\">\n\t\t\t\t<div class=\"elementor-widget-container\">\n\t\t\t\t\t\t\t\t\t\t\t\t\t\t\t<img decoding=\"async\" src=\"https:\/\/www.carbofrance.fr\/wp-content\/uploads\/elementor\/thumbs\/gip-r1ehz5z45mfbu6aq4tdpzy40vhf6y7shfe1hltw5ig.jpeg\" title=\"gip\" alt=\"gip\" loading=\"lazy\" \/>\t\t\t\t\t\t\t\t\t\t\t\t\t\t\t<\/div>\n\t\t\t\t<\/div>\n\t\t\t\t<div class=\"elementor-element elementor-element-70d1aa4 elementor-widget elementor-widget-image\" data-id=\"70d1aa4\" data-element_type=\"widget\" data-widget_type=\"image.default\">\n\t\t\t\t<div class=\"elementor-widget-container\">\n\t\t\t\t\t\t\t\t\t\t\t\t\t\t\t<img decoding=\"async\" src=\"https:\/\/www.carbofrance.fr\/wp-content\/uploads\/elementor\/thumbs\/bure_saudron-r1ehz519yse1ikc3aaz3fgcka3jtqior39e04jxjoo.png\" title=\"bure saudron\" alt=\"bure saudron\" loading=\"lazy\" \/>\t\t\t\t\t\t\t\t\t\t\t\t\t\t\t<\/div>\n\t\t\t\t<\/div>\n\t\t\t\t<div class=\"elementor-element elementor-element-f6c257c elementor-widget elementor-widget-image\" data-id=\"f6c257c\" data-element_type=\"widget\" data-widget_type=\"image.default\">\n\t\t\t\t<div class=\"elementor-widget-container\">\n\t\t\t\t\t\t\t\t\t\t\t\t\t\t\t<img fetchpriority=\"high\" decoding=\"async\" width=\"300\" height=\"200\" src=\"https:\/\/www.carbofrance.fr\/wp-content\/uploads\/2025\/02\/logo_ue.png\" class=\"attachment-large size-large wp-image-139\" alt=\"\" \/>\t\t\t\t\t\t\t\t\t\t\t\t\t\t\t<\/div>\n\t\t\t\t<\/div>\n\t\t\t\t<\/div>\n\t\t\t\t<div class=\"elementor-element elementor-element-04e0dd5 elementor-widget elementor-widget-image\" data-id=\"04e0dd5\" data-element_type=\"widget\" data-widget_type=\"image.default\">\n\t\t\t\t<div class=\"elementor-widget-container\">\n\t\t\t\t\t\t\t\t\t\t\t\t\t\t\t<img decoding=\"async\" width=\"1024\" height=\"343\" src=\"https:\/\/www.carbofrance.fr\/wp-content\/uploads\/2025\/02\/grand_est-1024x343.png\" class=\"attachment-large size-large wp-image-135\" alt=\"\" srcset=\"https:\/\/www.carbofrance.fr\/wp-content\/uploads\/2025\/02\/grand_est-1024x343.png 1024w, https:\/\/www.carbofrance.fr\/wp-content\/uploads\/2025\/02\/grand_est-300x100.png 300w, https:\/\/www.carbofrance.fr\/wp-content\/uploads\/2025\/02\/grand_est-768x257.png 768w, https:\/\/www.carbofrance.fr\/wp-content\/uploads\/2025\/02\/grand_est-1536x514.png 1536w, https:\/\/www.carbofrance.fr\/wp-content\/uploads\/2025\/02\/grand_est.png 1880w\" sizes=\"(max-width: 1024px) 100vw, 1024px\" \/>\t\t\t\t\t\t\t\t\t\t\t\t\t\t\t<\/div>\n\t\t\t\t<\/div>\n\t\t\t\t<div class=\"elementor-element elementor-element-85fa5dc elementor-widget elementor-widget-image\" data-id=\"85fa5dc\" data-element_type=\"widget\" data-widget_type=\"image.default\">\n\t\t\t\t<div class=\"elementor-widget-container\">\n\t\t\t\t\t\t\t\t\t\t\t\t\t\t\t<img decoding=\"async\" src=\"https:\/\/www.carbofrance.fr\/wp-content\/uploads\/elementor\/thumbs\/quote-r1ehbbsg7yebl6uf4jzr7f9000t9eojovi4ldhzzas.png\" title=\"quote\" alt=\"quote\" loading=\"lazy\" \/>\t\t\t\t\t\t\t\t\t\t\t\t\t\t\t<\/div>\n\t\t\t\t<\/div>\n\t\t\t\t<\/div>\n\t\t\t\t\t<\/div>\n\t\t\t\t<\/div>\n\t\t<div class=\"elementor-element elementor-element-a0ad19d e-flex e-con-boxed e-con e-parent\" data-id=\"a0ad19d\" data-element_type=\"container\">\n\t\t\t\t\t<div class=\"e-con-inner\">\n\t\t<div class=\"elementor-element elementor-element-9022047 e-con-full e-flex e-con e-child\" data-id=\"9022047\" data-element_type=\"container\">\n\t\t\t\t<div class=\"elementor-element elementor-element-edde31b elementor-widget elementor-widget-image\" data-id=\"edde31b\" data-element_type=\"widget\" data-widget_type=\"image.default\">\n\t\t\t\t<div class=\"elementor-widget-container\">\n\t\t\t\t\t\t\t\t\t\t\t\t\t\t\t<img decoding=\"async\" src=\"https:\/\/www.carbofrance.fr\/wp-content\/uploads\/elementor\/thumbs\/grill_pro-r1eillem3q7j09ne5agmskkddlgzvssve5b3bbx2ea.png\" title=\"grill_pro\" alt=\"grill_pro\" loading=\"lazy\" \/>\t\t\t\t\t\t\t\t\t\t\t\t\t\t\t<\/div>\n\t\t\t\t<\/div>\n\t\t\t\t<\/div>\n\t\t<div class=\"elementor-element elementor-element-baaa591 e-con-full e-flex e-con e-child\" data-id=\"baaa591\" data-element_type=\"container\" data-settings=\"{&quot;background_background&quot;:&quot;classic&quot;}\">\n\t\t\t\t<div class=\"elementor-element elementor-element-a145f4a elementor-widget elementor-widget-text-editor\" data-id=\"a145f4a\" data-element_type=\"widget\" data-widget_type=\"text-editor.default\">\n\t\t\t\t<div class=\"elementor-widget-container\">\n\t\t\t\t\t\t\t\t\t<h4 style=\"text-align: center;\">SATISFAIRE LES CONSOMMATEURS, MEME LES PLUS EXIGEANTS<\/h4><hr \/><p>Les capacit\u00e9s de production atteindront 30 000 t annuelles, soit 1\/4 des besoins du march\u00e9 fran\u00e7ais.<\/p><p>CARBO France commercialisera des produits 100% fran\u00e7ais, trac\u00e9s et respectueux des \u00e9cosyst\u00e8mes forestiers.<\/p><p>L&rsquo;innovation apport\u00e9e au charbon de bois permettra de garantir la saveur particuli\u00e8re des aliments cuits au barbecue.<\/p>\t\t\t\t\t\t\t\t<\/div>\n\t\t\t\t<\/div>\n\t\t\t\t<\/div>\n\t\t<div class=\"elementor-element elementor-element-779b84b e-con-full e-flex e-con e-child\" data-id=\"779b84b\" data-element_type=\"container\" data-settings=\"{&quot;background_background&quot;:&quot;classic&quot;}\">\n\t\t\t\t<div class=\"elementor-element elementor-element-6a433e5 elementor-widget elementor-widget-text-editor\" data-id=\"6a433e5\" data-element_type=\"widget\" data-widget_type=\"text-editor.default\">\n\t\t\t\t<div class=\"elementor-widget-container\">\n\t\t\t\t\t\t\t\t\t<h4 style=\"text-align: center;\"><span style=\"color: #ffffff;\">DES PERFORMANCES AMELIOREES ET LES RESSOURCES NATURELLES PRESERVEES<\/span><\/h4><hr \/><p><span style=\"color: #ffffff;\">Le rendement mati\u00e8re sera am\u00e9lior\u00e9es de 25% : 4,5 tonnes de bois humide seront n\u00e9cessaires pour produire une tonne de charbon, contre 6 tonnes actuellement.<\/span><\/p><p><span style=\"color: #ffffff;\">La d\u00e9marche volontariste et ambitieuse en mati\u00e8re de sobri\u00e9t\u00e9 \u00e9nerg\u00e9tique permettra d&rsquo;atteindre la neutralit\u00e9 carbone.<\/span><\/p><p><span style=\"color: #ffffff;\">La conception de la nouvelle usine s&rsquo;inscrit dans une d\u00e9marche \u00e9co-responsable englobant les enjeux d&rsquo;int\u00e9gration paysag\u00e8re, de limitation de l&rsquo;imperm\u00e9abilisation des sols, ainsi que de durabilit\u00e9 et mutabilit\u00e9 des installations.<\/span><\/p>\t\t\t\t\t\t\t\t<\/div>\n\t\t\t\t<\/div>\n\t\t\t\t<\/div>\n\t\t<div class=\"elementor-element elementor-element-49c0510 e-con-full e-flex e-con e-child\" data-id=\"49c0510\" data-element_type=\"container\">\n\t\t\t\t<div class=\"elementor-element elementor-element-8ececc1 elementor-widget elementor-widget-image\" data-id=\"8ececc1\" data-element_type=\"widget\" data-widget_type=\"image.default\">\n\t\t\t\t<div class=\"elementor-widget-container\">\n\t\t\t\t\t\t\t\t\t\t\t\t\t\t\t<img decoding=\"async\" width=\"640\" height=\"960\" src=\"https:\/\/www.carbofrance.fr\/wp-content\/uploads\/2025\/02\/foret.jpg\" class=\"attachment-large size-large wp-image-20\" alt=\"\" srcset=\"https:\/\/www.carbofrance.fr\/wp-content\/uploads\/2025\/02\/foret.jpg 640w, https:\/\/www.carbofrance.fr\/wp-content\/uploads\/2025\/02\/foret-200x300.jpg 200w\" sizes=\"(max-width: 640px) 100vw, 640px\" \/>\t\t\t\t\t\t\t\t\t\t\t\t\t\t\t<\/div>\n\t\t\t\t<\/div>\n\t\t\t\t<\/div>\n\t\t\t\t\t<\/div>\n\t\t\t\t<\/div>\n\t\t<div class=\"elementor-element elementor-element-9463f93 e-flex e-con-boxed e-con e-parent\" data-id=\"9463f93\" data-element_type=\"container\">\n\t\t\t\t\t<div class=\"e-con-inner\">\n\t\t<div class=\"elementor-element elementor-element-d52f7d7 e-con-full e-flex e-con e-child\" data-id=\"d52f7d7\" data-element_type=\"container\">\n\t\t\t\t<div class=\"elementor-element elementor-element-49d7c9f elementor-widget elementor-widget-image\" data-id=\"49d7c9f\" data-element_type=\"widget\" data-widget_type=\"image.default\">\n\t\t\t\t<div class=\"elementor-widget-container\">\n\t\t\t\t\t\t\t\t\t\t\t\t\t\t\t<img loading=\"lazy\" decoding=\"async\" width=\"1024\" height=\"391\" src=\"https:\/\/www.carbofrance.fr\/wp-content\/uploads\/2025\/02\/saudron-1024x391.jpg\" class=\"attachment-large size-large wp-image-11\" alt=\"\" srcset=\"https:\/\/www.carbofrance.fr\/wp-content\/uploads\/2025\/02\/saudron-1024x391.jpg 1024w, https:\/\/www.carbofrance.fr\/wp-content\/uploads\/2025\/02\/saudron-300x115.jpg 300w, https:\/\/www.carbofrance.fr\/wp-content\/uploads\/2025\/02\/saudron-768x293.jpg 768w, https:\/\/www.carbofrance.fr\/wp-content\/uploads\/2025\/02\/saudron.jpg 1251w\" sizes=\"(max-width: 1024px) 100vw, 1024px\" \/>\t\t\t\t\t\t\t\t\t\t\t\t\t\t\t<\/div>\n\t\t\t\t<\/div>\n\t\t\t\t<\/div>\n\t\t<div class=\"elementor-element elementor-element-45961e0 e-con-full e-flex e-con e-child\" data-id=\"45961e0\" data-element_type=\"container\" data-settings=\"{&quot;background_background&quot;:&quot;classic&quot;}\">\n\t\t\t\t<div class=\"elementor-element elementor-element-5614dba elementor-widget elementor-widget-text-editor\" data-id=\"5614dba\" data-element_type=\"widget\" data-widget_type=\"text-editor.default\">\n\t\t\t\t<div class=\"elementor-widget-container\">\n\t\t\t\t\t\t\t\t\t<h4 style=\"text-align: center;\">UN ANCRAGE LOCAL QUI STIMULE L&rsquo;ECONOMIE CIRCULAIRE<\/h4><hr \/><p>L&rsquo;implantation du nouveau site de production est pr\u00e9vue dans le Grand Est, \u00e0 quelques kilom\u00e8tres de l&rsquo;usine actuelle.<\/p><p>CARBO France maintient sa contribution \u00e0 l&rsquo;\u00e9conomie locale.<\/p><p>Le potentiel de r\u00e9cup\u00e9ration d&rsquo;\u00e9nergie et de mati\u00e8res li\u00e9es \u00e0 la pr\u00e9paration et \u00e0 la carbonisation du bois sera partag\u00e9 et utilis\u00e9 \u00e0 proximit\u00e9 par des syst\u00e8mes de production d&rsquo;\u00e9lectricit\u00e9 et de valorisation de chaleur fatale.<\/p>\t\t\t\t\t\t\t\t<\/div>\n\t\t\t\t<\/div>\n\t\t\t\t<\/div>\n\t\t\t\t\t<\/div>\n\t\t\t\t<\/div>\n\t\t\t\t<\/div>\n\t\t","protected":false},"excerpt":{"rendered":"<p>LE MOT DE LA GERANTE Pour anticiper et pr\u00e9figurer de nombreuses mutations technologiques et soci\u00e9tales, CARBO France s&rsquo;est dot\u00e9, d\u00e8s [&hellip;]<\/p>\n","protected":false},"author":1,"featured_media":0,"parent":0,"menu_order":0,"comment_status":"closed","ping_status":"closed","template":"","meta":{"site-sidebar-layout":"no-sidebar","site-content-layout":"","ast-site-content-layout":"full-width-container","site-content-style":"default","site-sidebar-style":"default","ast-global-header-display":"","ast-banner-title-visibility":"","ast-main-header-display":"","ast-hfb-above-header-display":"","ast-hfb-below-header-display":"","ast-hfb-mobile-header-display":"","site-post-title":"disabled","ast-breadcrumbs-content":"","ast-featured-img":"disabled","footer-sml-layout":"","theme-transparent-header-meta":"","adv-header-id-meta":"","stick-header-meta":"","header-above-stick-meta":"","header-main-stick-meta":"","header-below-stick-meta":"","astra-migrate-meta-layouts":"default","ast-page-background-enabled":"default","ast-page-background-meta":{"desktop":{"background-color":"var(--ast-global-color-5)","background-image":"","background-repeat":"repeat","background-position":"center center","background-size":"auto","background-attachment":"scroll","background-type":"","background-media":"","overlay-type":"","overlay-color":"","overlay-opacity":"","overlay-gradient":""},"tablet":{"background-color":"","background-image":"","background-repeat":"repeat","background-position":"center center","background-size":"auto","background-attachment":"scroll","background-type":"","background-media":"","overlay-type":"","overlay-color":"","overlay-opacity":"","overlay-gradient":""},"mobile":{"background-color":"","background-image":"","background-repeat":"repeat","background-position":"center center","background-size":"auto","background-attachment":"scroll","background-type":"","background-media":"","overlay-type":"","overlay-color":"","overlay-opacity":"","overlay-gradient":""}},"ast-content-background-meta":{"desktop":{"background-color":"var(--ast-global-color-4)","background-image":"","background-repeat":"repeat","background-position":"center center","background-size":"auto","background-attachment":"scroll","background-type":"","background-media":"","overlay-type":"","overlay-color":"","overlay-opacity":"","overlay-gradient":""},"tablet":{"background-color":"var(--ast-global-color-4)","background-image":"","background-repeat":"repeat","background-position":"center center","background-size":"auto","background-attachment":"scroll","background-type":"","background-media":"","overlay-type":"","overlay-color":"","overlay-opacity":"","overlay-gradient":""},"mobile":{"background-color":"var(--ast-global-color-4)","background-image":"","background-repeat":"repeat","background-position":"center center","background-size":"auto","background-attachment":"scroll","background-type":"","background-media":"","overlay-type":"","overlay-color":"","overlay-opacity":"","overlay-gradient":""}},"footnotes":""},"class_list":["post-124","page","type-page","status-publish","hentry"],"yoast_head":"<!-- This site is optimized with the Yoast SEO plugin v25.0 - https:\/\/yoast.com\/wordpress\/plugins\/seo\/ -->\n<title>Notre projet - Carbofrance<\/title>\n<meta name=\"robots\" content=\"index, follow, max-snippet:-1, max-image-preview:large, max-video-preview:-1\" \/>\n<link rel=\"canonical\" href=\"https:\/\/www.carbofrance.fr\/?page_id=124\" \/>\n<meta property=\"og:locale\" content=\"fr_FR\" \/>\n<meta property=\"og:type\" content=\"article\" \/>\n<meta property=\"og:title\" content=\"Notre projet - Carbofrance\" \/>\n<meta property=\"og:description\" content=\"LE MOT DE LA GERANTE Pour anticiper et pr\u00e9figurer de nombreuses mutations technologiques et soci\u00e9tales, CARBO France s&rsquo;est dot\u00e9, d\u00e8s [&hellip;]\" \/>\n<meta property=\"og:url\" content=\"https:\/\/www.carbofrance.fr\/?page_id=124\" \/>\n<meta property=\"og:site_name\" content=\"Carbofrance\" \/>\n<meta property=\"article:modified_time\" content=\"2025-02-12T15:51:51+00:00\" \/>\n<meta property=\"og:image\" content=\"https:\/\/www.carbofrance.fr\/wp-content\/uploads\/elementor\/thumbs\/projet-r1eh4qxg8uot9vx7r575rubm0rhm1mm9o68a2ek4vs.png\" \/>\n<meta name=\"twitter:card\" content=\"summary_large_image\" \/>\n<meta name=\"twitter:label1\" content=\"Dur\u00e9e de lecture estim\u00e9e\" \/>\n\t<meta name=\"twitter:data1\" content=\"4 minutes\" \/>\n<script type=\"application\/ld+json\" class=\"yoast-schema-graph\">{\"@context\":\"https:\/\/schema.org\",\"@graph\":[{\"@type\":\"WebPage\",\"@id\":\"https:\/\/www.carbofrance.fr\/?page_id=124\",\"url\":\"https:\/\/www.carbofrance.fr\/?page_id=124\",\"name\":\"Notre projet - Carbofrance\",\"isPartOf\":{\"@id\":\"https:\/\/www.carbofrance.fr\/#website\"},\"primaryImageOfPage\":{\"@id\":\"https:\/\/www.carbofrance.fr\/?page_id=124#primaryimage\"},\"image\":{\"@id\":\"https:\/\/www.carbofrance.fr\/?page_id=124#primaryimage\"},\"thumbnailUrl\":\"https:\/\/www.carbofrance.fr\/wp-content\/uploads\/elementor\/thumbs\/projet-r1eh4qxg8uot9vx7r575rubm0rhm1mm9o68a2ek4vs.png\",\"datePublished\":\"2025-02-12T14:43:58+00:00\",\"dateModified\":\"2025-02-12T15:51:51+00:00\",\"breadcrumb\":{\"@id\":\"https:\/\/www.carbofrance.fr\/?page_id=124#breadcrumb\"},\"inLanguage\":\"fr-FR\",\"potentialAction\":[{\"@type\":\"ReadAction\",\"target\":[\"https:\/\/www.carbofrance.fr\/?page_id=124\"]}]},{\"@type\":\"ImageObject\",\"inLanguage\":\"fr-FR\",\"@id\":\"https:\/\/www.carbofrance.fr\/?page_id=124#primaryimage\",\"url\":\"https:\/\/www.carbofrance.fr\/wp-content\/uploads\/elementor\/thumbs\/projet-r1eh4qxg8uot9vx7r575rubm0rhm1mm9o68a2ek4vs.png\",\"contentUrl\":\"https:\/\/www.carbofrance.fr\/wp-content\/uploads\/elementor\/thumbs\/projet-r1eh4qxg8uot9vx7r575rubm0rhm1mm9o68a2ek4vs.png\"},{\"@type\":\"BreadcrumbList\",\"@id\":\"https:\/\/www.carbofrance.fr\/?page_id=124#breadcrumb\",\"itemListElement\":[{\"@type\":\"ListItem\",\"position\":1,\"name\":\"Accueil\",\"item\":\"https:\/\/www.carbofrance.fr\/\"},{\"@type\":\"ListItem\",\"position\":2,\"name\":\"Notre projet\"}]},{\"@type\":\"WebSite\",\"@id\":\"https:\/\/www.carbofrance.fr\/#website\",\"url\":\"https:\/\/www.carbofrance.fr\/\",\"name\":\"Carbofrance\",\"description\":\"\",\"publisher\":{\"@id\":\"https:\/\/www.carbofrance.fr\/#organization\"},\"potentialAction\":[{\"@type\":\"SearchAction\",\"target\":{\"@type\":\"EntryPoint\",\"urlTemplate\":\"https:\/\/www.carbofrance.fr\/?s={search_term_string}\"},\"query-input\":{\"@type\":\"PropertyValueSpecification\",\"valueRequired\":true,\"valueName\":\"search_term_string\"}}],\"inLanguage\":\"fr-FR\"},{\"@type\":\"Organization\",\"@id\":\"https:\/\/www.carbofrance.fr\/#organization\",\"name\":\"Carbofrance\",\"url\":\"https:\/\/www.carbofrance.fr\/\",\"logo\":{\"@type\":\"ImageObject\",\"inLanguage\":\"fr-FR\",\"@id\":\"https:\/\/www.carbofrance.fr\/#\/schema\/logo\/image\/\",\"url\":\"https:\/\/www.carbofrance.fr\/wp-content\/uploads\/2025\/02\/cropped-logo_512-1.png\",\"contentUrl\":\"https:\/\/www.carbofrance.fr\/wp-content\/uploads\/2025\/02\/cropped-logo_512-1.png\",\"width\":512,\"height\":436,\"caption\":\"Carbofrance\"},\"image\":{\"@id\":\"https:\/\/www.carbofrance.fr\/#\/schema\/logo\/image\/\"}}]}<\/script>\n<!-- \/ Yoast SEO plugin. -->","yoast_head_json":{"title":"Notre projet - Carbofrance","robots":{"index":"index","follow":"follow","max-snippet":"max-snippet:-1","max-image-preview":"max-image-preview:large","max-video-preview":"max-video-preview:-1"},"canonical":"https:\/\/www.carbofrance.fr\/?page_id=124","og_locale":"fr_FR","og_type":"article","og_title":"Notre projet - Carbofrance","og_description":"LE MOT DE LA GERANTE Pour anticiper et pr\u00e9figurer de nombreuses mutations technologiques et soci\u00e9tales, CARBO France s&rsquo;est dot\u00e9, d\u00e8s [&hellip;]","og_url":"https:\/\/www.carbofrance.fr\/?page_id=124","og_site_name":"Carbofrance","article_modified_time":"2025-02-12T15:51:51+00:00","og_image":[{"url":"https:\/\/www.carbofrance.fr\/wp-content\/uploads\/elementor\/thumbs\/projet-r1eh4qxg8uot9vx7r575rubm0rhm1mm9o68a2ek4vs.png","type":"","width":"","height":""}],"twitter_card":"summary_large_image","twitter_misc":{"Dur\u00e9e de lecture estim\u00e9e":"4 minutes"},"schema":{"@context":"https:\/\/schema.org","@graph":[{"@type":"WebPage","@id":"https:\/\/www.carbofrance.fr\/?page_id=124","url":"https:\/\/www.carbofrance.fr\/?page_id=124","name":"Notre projet - Carbofrance","isPartOf":{"@id":"https:\/\/www.carbofrance.fr\/#website"},"primaryImageOfPage":{"@id":"https:\/\/www.carbofrance.fr\/?page_id=124#primaryimage"},"image":{"@id":"https:\/\/www.carbofrance.fr\/?page_id=124#primaryimage"},"thumbnailUrl":"https:\/\/www.carbofrance.fr\/wp-content\/uploads\/elementor\/thumbs\/projet-r1eh4qxg8uot9vx7r575rubm0rhm1mm9o68a2ek4vs.png","datePublished":"2025-02-12T14:43:58+00:00","dateModified":"2025-02-12T15:51:51+00:00","breadcrumb":{"@id":"https:\/\/www.carbofrance.fr\/?page_id=124#breadcrumb"},"inLanguage":"fr-FR","potentialAction":[{"@type":"ReadAction","target":["https:\/\/www.carbofrance.fr\/?page_id=124"]}]},{"@type":"ImageObject","inLanguage":"fr-FR","@id":"https:\/\/www.carbofrance.fr\/?page_id=124#primaryimage","url":"https:\/\/www.carbofrance.fr\/wp-content\/uploads\/elementor\/thumbs\/projet-r1eh4qxg8uot9vx7r575rubm0rhm1mm9o68a2ek4vs.png","contentUrl":"https:\/\/www.carbofrance.fr\/wp-content\/uploads\/elementor\/thumbs\/projet-r1eh4qxg8uot9vx7r575rubm0rhm1mm9o68a2ek4vs.png"},{"@type":"BreadcrumbList","@id":"https:\/\/www.carbofrance.fr\/?page_id=124#breadcrumb","itemListElement":[{"@type":"ListItem","position":1,"name":"Accueil","item":"https:\/\/www.carbofrance.fr\/"},{"@type":"ListItem","position":2,"name":"Notre projet"}]},{"@type":"WebSite","@id":"https:\/\/www.carbofrance.fr\/#website","url":"https:\/\/www.carbofrance.fr\/","name":"Carbofrance","description":"","publisher":{"@id":"https:\/\/www.carbofrance.fr\/#organization"},"potentialAction":[{"@type":"SearchAction","target":{"@type":"EntryPoint","urlTemplate":"https:\/\/www.carbofrance.fr\/?s={search_term_string}"},"query-input":{"@type":"PropertyValueSpecification","valueRequired":true,"valueName":"search_term_string"}}],"inLanguage":"fr-FR"},{"@type":"Organization","@id":"https:\/\/www.carbofrance.fr\/#organization","name":"Carbofrance","url":"https:\/\/www.carbofrance.fr\/","logo":{"@type":"ImageObject","inLanguage":"fr-FR","@id":"https:\/\/www.carbofrance.fr\/#\/schema\/logo\/image\/","url":"https:\/\/www.carbofrance.fr\/wp-content\/uploads\/2025\/02\/cropped-logo_512-1.png","contentUrl":"https:\/\/www.carbofrance.fr\/wp-content\/uploads\/2025\/02\/cropped-logo_512-1.png","width":512,"height":436,"caption":"Carbofrance"},"image":{"@id":"https:\/\/www.carbofrance.fr\/#\/schema\/logo\/image\/"}}]}},"_links":{"self":[{"href":"https:\/\/www.carbofrance.fr\/index.php?rest_route=\/wp\/v2\/pages\/124","targetHints":{"allow":["GET"]}}],"collection":[{"href":"https:\/\/www.carbofrance.fr\/index.php?rest_route=\/wp\/v2\/pages"}],"about":[{"href":"https:\/\/www.carbofrance.fr\/index.php?rest_route=\/wp\/v2\/types\/page"}],"author":[{"embeddable":true,"href":"https:\/\/www.carbofrance.fr\/index.php?rest_route=\/wp\/v2\/users\/1"}],"replies":[{"embeddable":true,"href":"https:\/\/www.carbofrance.fr\/index.php?rest_route=%2Fwp%2Fv2%2Fcomments&post=124"}],"version-history":[{"count":19,"href":"https:\/\/www.carbofrance.fr\/index.php?rest_route=\/wp\/v2\/pages\/124\/revisions"}],"predecessor-version":[{"id":156,"href":"https:\/\/www.carbofrance.fr\/index.php?rest_route=\/wp\/v2\/pages\/124\/revisions\/156"}],"wp:attachment":[{"href":"https:\/\/www.carbofrance.fr\/index.php?rest_route=%2Fwp%2Fv2%2Fmedia&parent=124"}],"curies":[{"name":"wp","href":"https:\/\/api.w.org\/{rel}","templated":true}]}}